{"id":6,"date":"2022-02-22T16:28:59","date_gmt":"2022-02-22T15:28:59","guid":{"rendered":"http:\/\/acb.bwuk.org\/?page_id=6"},"modified":"2022-03-01T23:23:48","modified_gmt":"2022-03-01T22:23:48","slug":"a-propos-de","status":"publish","type":"page","link":"https:\/\/acb.bwuk.org\/","title":{"rendered":"Sans titre"},"content":{"rendered":"\n<p>Bienvenue dans l\u2019Atelier de Construction Bory<\/p>\n\n\n\n<p>Cet espace est double, il ouvre une premi\u00e8re fen\u00eatre sur mes comp\u00e9tences techniques professionnelles, \u00e0 votre disposition pour vos projets, et une seconde sur mes activit\u00e9s de pointe dans le mod\u00e9lisme ferroviaire.<\/p>\n\n\n\n<p>Mon nom est Vincent Bory, 45 ans, domicili\u00e9 \u00e0 Tramelan en Suisse. Chef de projet, Electronicien, Sp\u00e9cialiste IT, Designer, Consultant sont une partie de mes fonctions professionnelles, que ce soit au b\u00e9n\u00e9fice de PME r\u00e9gionales ou d\u2019entreprises internationales.<\/p>\n\n\n\n<p>Je mets \u00e0 profit ces m\u00eames comp\u00e9tence dans ma passion de la construction et du mod\u00e9lisme ferroviaire aux \u00e9chelle 0 et 1, que ce soit pour mon propre mat\u00e9riel ou dans le cadre de demandes externes.<\/p>\n\n\n\n<p>A vous maintenant de parcourir ce site et mes r\u00e9alisations.<\/p>\n\n\n\n<p>Pour toute demande mod\u00e9lisme ou professionnelle, les liens de contact sont \u00e0 votre disposition en bas de cette page<\/p>\n\n\n\n<p>Vincent Bory<\/p>\n","protected":false},"excerpt":{"rendered":"<p>Bienvenue dans l\u2019Atelier de Construction Bory Cet espace est double, il ouvre une premi\u00e8re fen\u00eatre sur mes comp\u00e9tences techniques professionnelles, \u00e0 votre disposition pour vos projets, et une seconde sur mes activit\u00e9s de pointe dans le mod\u00e9lisme ferroviaire. Mon nom est Vincent Bory, 45 ans, domicili\u00e9 \u00e0 Tramelan en Suisse. Chef de projet, Electronicien, Sp\u00e9cialiste&hellip; <a class=\"more-link\" href=\"https:\/\/acb.bwuk.org\/\">Poursuivre la lecture <span class=\"screen-reader-text\">Sans titre<\/span><\/a><\/p>\n","protected":false},"author":1,"featured_media":0,"parent":0,"menu_order":0,"comment_status":"closed","ping_status":"closed","template":"","meta":{"footnotes":""},"_links":{"self":[{"href":"https:\/\/acb.bwuk.org\/index.php\/wp-json\/wp\/v2\/pages\/6"}],"collection":[{"href":"https:\/\/acb.bwuk.org\/index.php\/wp-json\/wp\/v2\/pages"}],"about":[{"href":"https:\/\/acb.bwuk.org\/index.php\/wp-json\/wp\/v2\/types\/page"}],"author":[{"embeddable":true,"href":"https:\/\/acb.bwuk.org\/index.php\/wp-json\/wp\/v2\/users\/1"}],"replies":[{"embeddable":true,"href":"https:\/\/acb.bwuk.org\/index.php\/wp-json\/wp\/v2\/comments?post=6"}],"version-history":[{"count":3,"href":"https:\/\/acb.bwuk.org\/index.php\/wp-json\/wp\/v2\/pages\/6\/revisions"}],"predecessor-version":[{"id":121,"href":"https:\/\/acb.bwuk.org\/index.php\/wp-json\/wp\/v2\/pages\/6\/revisions\/121"}],"wp:attachment":[{"href":"https:\/\/acb.bwuk.org\/index.php\/wp-json\/wp\/v2\/media?parent=6"}],"curies":[{"name":"wp","href":"https:\/\/api.w.org\/{rel}","templated":true}]}}